{"id":244,"date":"2024-06-08T13:26:31","date_gmt":"2024-06-08T13:26:31","guid":{"rendered":"http:\/\/arkuabar.com\/?page_id=244"},"modified":"2024-07-02T15:55:02","modified_gmt":"2024-07-02T15:55:02","slug":"descubre-nuestro-menu","status":"publish","type":"page","link":"https:\/\/arkuabar.com\/?page_id=244","title":{"rendered":"Men\u00fa"},"content":{"rendered":"\n[et_pb_section fb_built=&#8221;1&#8243; _builder_version=&#8221;4.14.8&#8243; _module_preset=&#8221;default&#8221; background_color=&#8221;#000000&#8243; width=&#8221;115%&#8221; max_width=&#8221;115%&#8221; custom_margin=&#8221;-147px|||-82px|false|false&#8221; custom_margin_tablet=&#8221;-147px|||-82px|false|false&#8221; custom_margin_phone=&#8221;-147px|||-20px|false|false&#8221; custom_margin_last_edited=&#8221;on|phone&#8221; global_colors_info=&#8221;{}&#8221;][et_pb_row _builder_version=&#8221;4.14.8&#8243; _module_preset=&#8221;default&#8221; custom_margin_tablet=&#8221;&#8221; custom_margin_phone=&#8221;73px||||false|false&#8221; custom_margin_last_edited=&#8221;on|phone&#8221; global_colors_info=&#8221;{}&#8221;][et_pb_column type=&#8221;4_4&#8243; _builder_version=&#8221;4.14.8&#8243; _module_preset=&#8221;default&#8221; global_colors_info=&#8221;{}&#8221;][et_pb_text _builder_version=&#8221;4.14.8&#8243; _module_preset=&#8221;default&#8221; text_font=&#8221;Dancing Script||||||||&#8221; text_text_color=&#8221;#E09900&#8243; text_font_size=&#8221;49px&#8221; custom_margin=&#8221;-16px||||false|false&#8221; custom_margin_tablet=&#8221;-16px||||false|false&#8221; custom_margin_phone=&#8221;-1px||||false|false&#8221; custom_margin_last_edited=&#8221;on|phone&#8221; text_font_size_tablet=&#8221;49px&#8221; text_font_size_phone=&#8221;30px&#8221; text_font_size_last_edited=&#8221;on|phone&#8221; global_colors_info=&#8221;{}&#8221;]<p style=\"text-align: center;\">Descubre las opciones que tenemos para t\u00ed.<\/p>\n[\/et_pb_text][\/et_pb_column][\/et_pb_row][et_pb_row column_structure=&#8221;1_2,1_2&#8243; _builder_version=&#8221;4.14.8&#8243; _module_preset=&#8221;default&#8221; width=&#8221;100%&#8221; max_width=&#8221;2560px&#8221; custom_margin_tablet=&#8221;&#8221; custom_margin_phone=&#8221;|||63px|false|false&#8221; custom_margin_last_edited=&#8221;on|phone&#8221; global_colors_info=&#8221;{}&#8221;][et_pb_column type=&#8221;1_2&#8243; _builder_version=&#8221;4.14.8&#8243; _module_preset=&#8221;default&#8221; global_colors_info=&#8221;{}&#8221;][et_pb_image src=&#8221;https:\/\/arkuabar.com\/wp-content\/uploads\/2024\/06\/1-1.png&#8221; _builder_version=&#8221;4.14.8&#8243; _module_preset=&#8221;default&#8221; width=&#8221;500px&#8221; custom_margin=&#8221;|||-79px|false|false&#8221; global_colors_info=&#8221;{}&#8221;][\/et_pb_image][\/et_pb_column][et_pb_column type=&#8221;1_2&#8243; _builder_version=&#8221;4.14.8&#8243; _module_preset=&#8221;default&#8221; global_colors_info=&#8221;{}&#8221;][et_pb_image src=&#8221;https:\/\/arkuabar.com\/wp-content\/uploads\/2024\/06\/2-1.png&#8221; _builder_version=&#8221;4.14.8&#8243; _module_preset=&#8221;default&#8221; width=&#8221;500px&#8221; custom_margin=&#8221;|||-19px|false|false&#8221; custom_margin_tablet=&#8221;|||-19px|false|false&#8221; custom_margin_phone=&#8221;-32px|||-74px|false|false&#8221; custom_margin_last_edited=&#8221;on|phone&#8221; global_colors_info=&#8221;{}&#8221;][\/et_pb_image][\/et_pb_column][\/et_pb_row][et_pb_row column_structure=&#8221;2_5,3_5&#8243; _builder_version=&#8221;4.14.8&#8243; _module_preset=&#8221;default&#8221; global_colors_info=&#8221;{}&#8221;][et_pb_column type=&#8221;2_5&#8243; _builder_version=&#8221;4.14.8&#8243; _module_preset=&#8221;default&#8221; global_colors_info=&#8221;{}&#8221;][et_pb_text _builder_version=&#8221;4.14.8&#8243; _module_preset=&#8221;default&#8221; text_font=&#8221;Dancing Script||||||||&#8221; text_text_color=&#8221;#E09900&#8243; text_font_size=&#8221;49px&#8221; background_image=&#8221;https:\/\/arkuabar.com\/wp-content\/uploads\/2024\/06\/857bb847-desi-image6.png&#8221; global_colors_info=&#8221;{}&#8221;]<p>\u00bfPintxos? Tenemos de sobra.<\/p>\n[\/et_pb_text][\/et_pb_column][et_pb_column type=&#8221;3_5&#8243; _builder_version=&#8221;4.14.8&#8243; _module_preset=&#8221;default&#8221; global_colors_info=&#8221;{}&#8221;][et_pb_accordion _builder_version=&#8221;4.14.8&#8243; _module_preset=&#8221;default&#8221; hover_enabled=&#8221;0&#8243; global_colors_info=&#8221;{}&#8221; sticky_enabled=&#8221;0&#8243;][et_pb_accordion_item title=&#8221;Tortillas&#8221; open=&#8221;off&#8221; open_toggle_text_color=&#8221;#FFFFFF&#8221; _builder_version=&#8221;4.14.8&#8243; _module_preset=&#8221;default&#8221; background_image=&#8221;https:\/\/arkuabar.com\/wp-content\/uploads\/2024\/06\/IMG_1065-min.png&#8221; background_enable_image=&#8221;on&#8221; text_orientation=&#8221;center&#8221; hover_enabled=&#8221;0&#8243; text_shadow_style=&#8221;preset1&#8243; global_colors_info=&#8221;{}&#8221; toggle_font=&#8221;Dancing Script||||||||&#8221; toggle_font_size=&#8221;39px&#8221; toggle_letter_spacing=&#8221;0px&#8221; text_shadow_color=&#8221;#000000&#8243; sticky_enabled=&#8221;0&#8243;]<p>Elaboramos diferentes tipos de tortillas todas las ma\u00f1anas, desde los clasicos: Jam\u00f3n y Queso, cebolla, normal. Hasta otros mas elaborados; Vegetal, chaka y muchos m\u00e1s!<\/p>\n[\/et_pb_accordion_item][et_pb_accordion_item title=&#8221;Pintxos del D\u00eda&#8221; open_toggle_text_color=&#8221;#FFFFFF&#8221; _builder_version=&#8221;4.14.8&#8243; _module_preset=&#8221;default&#8221; background_image=&#8221;https:\/\/arkuabar.com\/wp-content\/uploads\/2024\/06\/IMG_1099-1-scaled.jpg&#8221; background_enable_image=&#8221;on&#8221; text_orientation=&#8221;center&#8221; text_shadow_style=&#8221;preset1&#8243; global_colors_info=&#8221;{}&#8221; toggle_font=&#8221;Dancing Script||||||||&#8221; toggle_font_size=&#8221;39px&#8221; toggle_letter_spacing=&#8221;0px&#8221; open=&#8221;on&#8221; sticky_enabled=&#8221;0&#8243; text_shadow_color=&#8221;#000000&#8243; hover_enabled=&#8221;0&#8243;]<p>Todos las ma\u00f1anas comienza nuestra aventura en la cocina, sacamos pintxos cl\u00e1sicos, otros m\u00e1s contundentes, pero todos tienen algo parecido, son riqu\u00edsimos<\/p>\n[\/et_pb_accordion_item][\/et_pb_accordion][\/et_pb_column][\/et_pb_row][\/et_pb_section]\n","protected":false},"excerpt":{"rendered":"<p>Descubre las&#8230;<\/p>\n","protected":false},"author":1,"featured_media":0,"parent":0,"menu_order":0,"comment_status":"closed","ping_status":"closed","template":"","meta":{"_et_pb_use_builder":"on","_et_pb_old_content":"","_et_gb_content_width":"","site-sidebar-layout":"default","site-content-layout":"","ast-site-content-layout":"","site-content-style":"default","site-sidebar-style":"default","ast-global-header-display":"","ast-banner-title-visibility":"","ast-main-header-display":"","ast-hfb-above-header-display":"","ast-hfb-below-header-display":"","ast-hfb-mobile-header-display":"","site-post-title":"","ast-breadcrumbs-content":"","ast-featured-img":"","footer-sml-layout":"","theme-transparent-header-meta":"","adv-header-id-meta":"","stick-header-meta":"","header-above-stick-meta":"","header-main-stick-meta":"","header-below-stick-meta":"","astra-migrate-meta-layouts":"default","ast-page-background-enabled":"default","ast-page-background-meta":{"desktop":{"background-color":"var(--ast-global-color-4)","background-image":"","background-repeat":"repeat","background-position":"center center","background-size":"auto","background-attachment":"scroll","background-type":"","background-media":"","overlay-type":"","overlay-color":"","overlay-opacity":"","overlay-gradient":""},"tablet":{"background-color":"","background-image":"","background-repeat":"repeat","background-position":"center center","background-size":"auto","background-attachment":"scroll","background-type":"","background-media":"","overlay-type":"","overlay-color":"","overlay-opacity":"","overlay-gradient":""},"mobile":{"background-color":"","background-image":"","background-repeat":"repeat","background-position":"center center","background-size":"auto","background-attachment":"scroll","background-type":"","background-media":"","overlay-type":"","overlay-color":"","overlay-opacity":"","overlay-gradient":""}},"ast-content-background-meta":{"desktop":{"background-color":"var(--ast-global-color-5)","background-image":"","background-repeat":"repeat","background-position":"center center","background-size":"auto","background-attachment":"scroll","background-type":"","background-media":"","overlay-type":"","overlay-color":"","overlay-opacity":"","overlay-gradient":""},"tablet":{"background-color":"var(--ast-global-color-5)","background-image":"","background-repeat":"repeat","background-position":"center center","background-size":"auto","background-attachment":"scroll","background-type":"","background-media":"","overlay-type":"","overlay-color":"","overlay-opacity":"","overlay-gradient":""},"mobile":{"background-color":"var(--ast-global-color-5)","background-image":"","background-repeat":"repeat","background-position":"center center","background-size":"auto","background-attachment":"scroll","background-type":"","background-media":"","overlay-type":"","overlay-color":"","overlay-opacity":"","overlay-gradient":""}},"_joinchat":[],"footnotes":""},"class_list":["post-244","page","type-page","status-publish","hentry"],"yoast_head":"<!-- This site is optimized with the Yoast SEO plugin v22.7 - https:\/\/yoast.com\/wordpress\/plugins\/seo\/ -->\n<title>Descubre nuestra carta de picoteo. Hecho a medida para t\u00ed<\/title>\n<meta name=\"description\" content=\"Con la cocina abierta de jueves a s\u00e1bado, te esperamos para que descubras nuestras ofertas gastron\u00f3micas en una ubicaci\u00f3n inmejorable.\" \/>\n<meta name=\"robots\" content=\"index, follow, max-snippet:-1, max-image-preview:large, max-video-preview:-1\" \/>\n<link rel=\"canonical\" href=\"https:\/\/arkuabar.com\/?page_id=244\" \/>\n<meta property=\"og:locale\" content=\"en_US\" \/>\n<meta property=\"og:type\" content=\"article\" \/>\n<meta property=\"og:title\" content=\"Descubre nuestra carta de picoteo. Hecho a medida para t\u00ed\" \/>\n<meta property=\"og:description\" content=\"Con la cocina abierta de jueves a s\u00e1bado, te esperamos para que descubras nuestras ofertas gastron\u00f3micas en una ubicaci\u00f3n inmejorable.\" \/>\n<meta property=\"og:url\" content=\"https:\/\/arkuabar.com\/?page_id=244\" \/>\n<meta property=\"og:site_name\" content=\"Arkua Bar\" \/>\n<meta property=\"article:modified_time\" content=\"2024-07-02T15:55:02+00:00\" \/>\n<meta name=\"twitter:card\" content=\"summary_large_image\" \/>\n<meta name=\"twitter:label1\" content=\"Est. reading time\" \/>\n\t<meta name=\"twitter:data1\" content=\"1 minute\" \/>\n<script type=\"application\/ld+json\" class=\"yoast-schema-graph\">{\"@context\":\"https:\/\/schema.org\",\"@graph\":[{\"@type\":\"WebPage\",\"@id\":\"https:\/\/arkuabar.com\/?page_id=244\",\"url\":\"https:\/\/arkuabar.com\/?page_id=244\",\"name\":\"Descubre nuestra carta de picoteo. Hecho a medida para t\u00ed\",\"isPartOf\":{\"@id\":\"https:\/\/arkuabar.com\/#website\"},\"datePublished\":\"2024-06-08T13:26:31+00:00\",\"dateModified\":\"2024-07-02T15:55:02+00:00\",\"description\":\"Con la cocina abierta de jueves a s\u00e1bado, te esperamos para que descubras nuestras ofertas gastron\u00f3micas en una ubicaci\u00f3n inmejorable.\",\"breadcrumb\":{\"@id\":\"https:\/\/arkuabar.com\/?page_id=244#breadcrumb\"},\"inLanguage\":\"en-US\",\"potentialAction\":[{\"@type\":\"ReadAction\",\"target\":[\"https:\/\/arkuabar.com\/?page_id=244\"]}]},{\"@type\":\"BreadcrumbList\",\"@id\":\"https:\/\/arkuabar.com\/?page_id=244#breadcrumb\",\"itemListElement\":[{\"@type\":\"ListItem\",\"position\":1,\"name\":\"Portada\",\"item\":\"https:\/\/arkuabar.com\/\"},{\"@type\":\"ListItem\",\"position\":2,\"name\":\"Men\u00fa\"}]},{\"@type\":\"WebSite\",\"@id\":\"https:\/\/arkuabar.com\/#website\",\"url\":\"https:\/\/arkuabar.com\/\",\"name\":\"Arkua Bar\",\"description\":\"Picoteo de Calidad con Informalidad.\",\"publisher\":{\"@id\":\"https:\/\/arkuabar.com\/#organization\"},\"potentialAction\":[{\"@type\":\"SearchAction\",\"target\":{\"@type\":\"EntryPoint\",\"urlTemplate\":\"https:\/\/arkuabar.com\/?s={search_term_string}\"},\"query-input\":\"required name=search_term_string\"}],\"inLanguage\":\"en-US\"},{\"@type\":\"Organization\",\"@id\":\"https:\/\/arkuabar.com\/#organization\",\"name\":\"Arkua Bar\",\"url\":\"https:\/\/arkuabar.com\/\",\"logo\":{\"@type\":\"ImageObject\",\"inLanguage\":\"en-US\",\"@id\":\"https:\/\/arkuabar.com\/#\/schema\/logo\/image\/\",\"url\":\"https:\/\/arkuabar.com\/wp-content\/uploads\/2024\/06\/Arkua-GastroBar-4.png\",\"contentUrl\":\"https:\/\/arkuabar.com\/wp-content\/uploads\/2024\/06\/Arkua-GastroBar-4.png\",\"width\":1563,\"height\":1563,\"caption\":\"Arkua Bar\"},\"image\":{\"@id\":\"https:\/\/arkuabar.com\/#\/schema\/logo\/image\/\"}}]}<\/script>\n<!-- \/ Yoast SEO plugin. -->","yoast_head_json":{"title":"Descubre nuestra carta de picoteo. Hecho a medida para t\u00ed","description":"Con la cocina abierta de jueves a s\u00e1bado, te esperamos para que descubras nuestras ofertas gastron\u00f3micas en una ubicaci\u00f3n inmejorable.","robots":{"index":"index","follow":"follow","max-snippet":"max-snippet:-1","max-image-preview":"max-image-preview:large","max-video-preview":"max-video-preview:-1"},"canonical":"https:\/\/arkuabar.com\/?page_id=244","og_locale":"en_US","og_type":"article","og_title":"Descubre nuestra carta de picoteo. Hecho a medida para t\u00ed","og_description":"Con la cocina abierta de jueves a s\u00e1bado, te esperamos para que descubras nuestras ofertas gastron\u00f3micas en una ubicaci\u00f3n inmejorable.","og_url":"https:\/\/arkuabar.com\/?page_id=244","og_site_name":"Arkua Bar","article_modified_time":"2024-07-02T15:55:02+00:00","twitter_card":"summary_large_image","twitter_misc":{"Est. reading time":"1 minute"},"schema":{"@context":"https:\/\/schema.org","@graph":[{"@type":"WebPage","@id":"https:\/\/arkuabar.com\/?page_id=244","url":"https:\/\/arkuabar.com\/?page_id=244","name":"Descubre nuestra carta de picoteo. Hecho a medida para t\u00ed","isPartOf":{"@id":"https:\/\/arkuabar.com\/#website"},"datePublished":"2024-06-08T13:26:31+00:00","dateModified":"2024-07-02T15:55:02+00:00","description":"Con la cocina abierta de jueves a s\u00e1bado, te esperamos para que descubras nuestras ofertas gastron\u00f3micas en una ubicaci\u00f3n inmejorable.","breadcrumb":{"@id":"https:\/\/arkuabar.com\/?page_id=244#breadcrumb"},"inLanguage":"en-US","potentialAction":[{"@type":"ReadAction","target":["https:\/\/arkuabar.com\/?page_id=244"]}]},{"@type":"BreadcrumbList","@id":"https:\/\/arkuabar.com\/?page_id=244#breadcrumb","itemListElement":[{"@type":"ListItem","position":1,"name":"Portada","item":"https:\/\/arkuabar.com\/"},{"@type":"ListItem","position":2,"name":"Men\u00fa"}]},{"@type":"WebSite","@id":"https:\/\/arkuabar.com\/#website","url":"https:\/\/arkuabar.com\/","name":"Arkua Bar","description":"Picoteo de Calidad con Informalidad.","publisher":{"@id":"https:\/\/arkuabar.com\/#organization"},"potentialAction":[{"@type":"SearchAction","target":{"@type":"EntryPoint","urlTemplate":"https:\/\/arkuabar.com\/?s={search_term_string}"},"query-input":"required name=search_term_string"}],"inLanguage":"en-US"},{"@type":"Organization","@id":"https:\/\/arkuabar.com\/#organization","name":"Arkua Bar","url":"https:\/\/arkuabar.com\/","logo":{"@type":"ImageObject","inLanguage":"en-US","@id":"https:\/\/arkuabar.com\/#\/schema\/logo\/image\/","url":"https:\/\/arkuabar.com\/wp-content\/uploads\/2024\/06\/Arkua-GastroBar-4.png","contentUrl":"https:\/\/arkuabar.com\/wp-content\/uploads\/2024\/06\/Arkua-GastroBar-4.png","width":1563,"height":1563,"caption":"Arkua Bar"},"image":{"@id":"https:\/\/arkuabar.com\/#\/schema\/logo\/image\/"}}]}},"_links":{"self":[{"href":"https:\/\/arkuabar.com\/index.php?rest_route=\/wp\/v2\/pages\/244","targetHints":{"allow":["GET"]}}],"collection":[{"href":"https:\/\/arkuabar.com\/index.php?rest_route=\/wp\/v2\/pages"}],"about":[{"href":"https:\/\/arkuabar.com\/index.php?rest_route=\/wp\/v2\/types\/page"}],"author":[{"embeddable":true,"href":"https:\/\/arkuabar.com\/index.php?rest_route=\/wp\/v2\/users\/1"}],"replies":[{"embeddable":true,"href":"https:\/\/arkuabar.com\/index.php?rest_route=%2Fwp%2Fv2%2Fcomments&post=244"}],"version-history":[{"count":11,"href":"https:\/\/arkuabar.com\/index.php?rest_route=\/wp\/v2\/pages\/244\/revisions"}],"predecessor-version":[{"id":462,"href":"https:\/\/arkuabar.com\/index.php?rest_route=\/wp\/v2\/pages\/244\/revisions\/462"}],"wp:attachment":[{"href":"https:\/\/arkuabar.com\/index.php?rest_route=%2Fwp%2Fv2%2Fmedia&parent=244"}],"curies":[{"name":"wp","href":"https:\/\/api.w.org\/{rel}","templated":true}]}}